{"id":1212,"date":"2022-02-01T10:01:28","date_gmt":"2022-02-01T09:01:28","guid":{"rendered":"https:\/\/www.camping-la-cremade.com\/die-cite-de-carcassonne"},"modified":"2022-02-01T10:01:28","modified_gmt":"2022-02-01T09:01:28","slug":"die-cite-de-carcassonne","status":"publish","type":"page","link":"https:\/\/www.camping-la-cremade.com\/de\/die-cite-de-carcassonne","title":{"rendered":"Die C\u00eet\u00e9 de Carcassonne"},"content":{"rendered":"\n<p class=\"has-text-align-center\">Die Stadt Carcassonne ist die gr\u00f6\u00dfte und am besten erhaltene mittelalterliche Festung Europas!<\/p>\n\n<div class=\"wp-block-columns is-layout-flex wp-container-core-columns-is-layout-9d6595d7 wp-block-columns-is-layout-flex\">\n<div class=\"wp-block-column is-layout-flow wp-block-column-is-layout-flow\">\n<p>Das sind <strong>2500 Jahre Geschichte<\/strong> und Architektur&#8230;<\/p>\n\n\n\n<p>Die Stadt Carcassonne wurde in der Antike gegr\u00fcndet, &#8222;Carcaso&#8220;. Im Mittelalter wurde die Stadt wohlhabend und wohlwollend gegen\u00fcber den Katharern, aber als sie 1209 belagert und besiegt wurde, wurde sie dem k\u00f6niglichen Besitz angegliedert und zum Ort der Inquisition&#8230; Nach und nach verlor sie ihre milit\u00e4rische Rolle und wurde im 19. Jahrhundert von Eug\u00e8ne Viollet-le-Duc restauriert&#8230;<br\/>Dieses ehemalige Milit\u00e4rmonument mit seiner doppelten Stadtmauer verlieh ihm ein sehr komplexes Verteidigungssystem.<\/p>\n\n\n\n<p>Innerhalb der doppelten Stadtmauer k\u00f6nnen Sie das <strong>Schloss<\/strong> und die innere Stadtmauer (gallo-r\u00f6mische Stadtmauer) entdecken, die Ihnen einen privilegierten Zugang zu diesem au\u00dfergew\u00f6hnlichen Kulturerbe bieten.<\/p>\n\n\n\n<p>Mit ihrem Bergfried und den Hauptgeb\u00e4uden ist die Burg das Zentrum der Verteidigungsanlage der Stadt.<br\/>Hier beginnt auch diese <strong>prunkvolle<\/strong> Tour <strong>durch die Stadt Carcassonne<\/strong>.<\/p>\n<\/div>\n\n\n\n<div class=\"wp-block-column is-layout-flow wp-block-column-is-layout-flow\">\n<p>Ein Besuch der <strong>Basilika Saint Nazaire<\/strong> mit ihren Glasfenstern, die als die sch\u00f6nsten in S\u00fcdfrankreich gelten, wird Sie begeistern!<\/p>\n\n\n\n<p>Heute z\u00e4hlt die Stadt Carcassonne zu den Meisterwerken des <strong>UNESCO-Weltkulturerbes<\/strong>!<br\/>Carcassonne liegt weniger als eine Autostunde vom Campingplatz La Cr\u00e9made entfernt, sodass Sie einen sehr sch\u00f6nen Tag verbringen k\u00f6nnen&#8230;<\/p>\n\n\n\n<p>Carcassonne ist auch die <strong>Bastide Saint Louis<\/strong> im Zentrum der Unterstadt von Carcassonne, 15 Minuten zu Fu\u00df von der Stadt entfernt.<\/p>\n\n\n\n<p><\/p>\n<\/div>\n<\/div>\n\t\t\t<div id=\"sevgallery-2030394096\" class=\"sev-diaporama sev-diaporama-portfolio\">\n\t\t\t<div class=\"row\">\n\n\t\t\t\n\t\t\t\t\n\t\t\t\t<div class=\"sev-diaporama-portfolio-item col-12 col-sm \">\n\t\t\t\t\t<a href=\"https:\/\/www.camping-la-cremade.com\/wp-content\/uploads\/2022\/01\/Cite-de-nuit-\u00a9Vincent-photographies.jpg\" data-lightbox=\"sevgallery-2030394096\" style=\"background-image: url(https:\/\/www.camping-la-cremade.com\/wp-content\/uploads\/2022\/01\/Cite-de-nuit-\u00a9Vincent-photographies.jpg)\">\n\t\t\t\t\t\t<img decoding=\"async\" src=\"https:\/\/www.camping-la-cremade.com\/wp-content\/uploads\/2022\/01\/Cite-de-nuit-\u00a9Vincent-photographies.jpg\" alt=\"\" loading=\"lazy\">\n\t\t\t\t\t<\/a>\n\t\t\t\t<\/div>\n\n\t\t\t\t\n\t\t\t\t\t\t\t\t\t\t\t\n\t\t\t\t\n\t\t\t\t<div class=\"sev-diaporama-portfolio-item col-12 col-sm \">\n\t\t\t\t\t<a href=\"https:\/\/www.camping-la-cremade.com\/wp-content\/uploads\/2022\/01\/Cite-panoramique-Pont-Vieux\u00a9Vincent-Photographies.jpg\" data-lightbox=\"sevgallery-2030394096\" style=\"background-image: url(https:\/\/www.camping-la-cremade.com\/wp-content\/uploads\/2022\/01\/Cite-panoramique-Pont-Vieux\u00a9Vincent-Photographies.jpg)\">\n\t\t\t\t\t\t<img decoding=\"async\" src=\"https:\/\/www.camping-la-cremade.com\/wp-content\/uploads\/2022\/01\/Cite-panoramique-Pont-Vieux\u00a9Vincent-Photographies.jpg\" alt=\"\" loading=\"lazy\">\n\t\t\t\t\t<\/a>\n\t\t\t\t<\/div>\n\n\t\t\t\t\n\t\t\t\t\t\t\t\t\t\t\t\n\t\t\t\t\n\t\t\t\t<div class=\"sev-diaporama-portfolio-item col-12 col-sm  col-shrink\">\n\t\t\t\t\t<a href=\"https:\/\/www.camping-la-cremade.com\/wp-content\/uploads\/2022\/01\/Cite-Vignes-rando\u00a9Vincent-Photographie-Copier.jpg\" data-lightbox=\"sevgallery-2030394096\" style=\"background-image: url(https:\/\/www.camping-la-cremade.com\/wp-content\/uploads\/2022\/01\/Cite-Vignes-rando\u00a9Vincent-Photographie-Copier.jpg)\">\n\t\t\t\t\t\t<img decoding=\"async\" src=\"https:\/\/www.camping-la-cremade.com\/wp-content\/uploads\/2022\/01\/Cite-Vignes-rando\u00a9Vincent-Photographie-Copier.jpg\" alt=\"\" loading=\"lazy\">\n\t\t\t\t\t<\/a>\n\t\t\t\t<\/div>\n\n\t\t\t\t\t\t\t\t\t<div class=\"w-100\"><\/div>\n\t\t\t\t\t\t\t\t\t\n\t\t\t\t\t\t\t\t\t\t\t\t\t\t<\/div>\n\t\t\t<\/div>\n\n\t\t\t<script>\n\t\t\tjQuery(function($) {\n\n\t\t\t\tvar marginPortfolio = function() {\n\n\t\t\t\t\tvar $diapo          = $('#sevgallery-2030394096');\n\t\t\t\t\tvar container_width = $diapo.parent().outerWidth();\n\t\t\t\t\tvar side            = ( $(window).innerWidth() - container_width ) \/ 2;\n\n\t\t\t\t\t$diapo.css( {\n\t\t\t\t\t\t'margin-left': '-' + side + 'px',\n\t\t\t\t\t\t'margin-right': '-' + side + 'px',\n\t\t\t\t\t} );\n\t\t\t\t};\n\n\t\t\t\t$( window ).resize( function() {\n\t\t\t\t\tmarginPortfolio();\n\t\t\t\t} );\n\t\t\t\tmarginPortfolio();\n\t\t\t});\n\t\t\t<\/script>\n\t\t\t\n","protected":false},"excerpt":{"rendered":"<p>Die Stadt Carcassonne ist die gr\u00f6\u00dfte und am besten erhaltene mittelalterliche Festung Europas! Das sind 2500 Jahre Geschichte und Architektur&#8230; Die Stadt Carcassonne wurde in der Antike gegr\u00fcndet, &#8222;Carcaso&#8220;. Im Mittelalter wurde die Stadt wohlhabend und wohlwollend gegen\u00fcber den Katharern, aber als sie 1209 belagert und besiegt wurde, wurde sie dem k\u00f6niglichen Besitz angegliedert und [&hellip;]<\/p>\n","protected":false},"author":1,"featured_media":0,"parent":0,"menu_order":0,"comment_status":"closed","ping_status":"closed","template":"","meta":{"_seopress_robots_primary_cat":"","_seopress_titles_title":"Besichtigung der C\u00eet\u00e9 de Carcassonne","_seopress_titles_desc":"Die Stadt Carcassonne ist die gr\u00f6\u00dfte und am besten erhaltene mittelalterliche Festung Europas! Sie befindet sich nur wenige Minuten vom Campingplatz entfernt","_seopress_robots_index":"","footnotes":""},"class_list":["post-1212","page","type-page","status-publish","hentry"],"_links":{"self":[{"href":"https:\/\/www.camping-la-cremade.com\/de\/wp-json\/wp\/v2\/pages\/1212","targetHints":{"allow":["GET"]}}],"collection":[{"href":"https:\/\/www.camping-la-cremade.com\/de\/wp-json\/wp\/v2\/pages"}],"about":[{"href":"https:\/\/www.camping-la-cremade.com\/de\/wp-json\/wp\/v2\/types\/page"}],"author":[{"embeddable":true,"href":"https:\/\/www.camping-la-cremade.com\/de\/wp-json\/wp\/v2\/users\/1"}],"replies":[{"embeddable":true,"href":"https:\/\/www.camping-la-cremade.com\/de\/wp-json\/wp\/v2\/comments?post=1212"}],"version-history":[{"count":1,"href":"https:\/\/www.camping-la-cremade.com\/de\/wp-json\/wp\/v2\/pages\/1212\/revisions"}],"predecessor-version":[{"id":1214,"href":"https:\/\/www.camping-la-cremade.com\/de\/wp-json\/wp\/v2\/pages\/1212\/revisions\/1214"}],"wp:attachment":[{"href":"https:\/\/www.camping-la-cremade.com\/de\/wp-json\/wp\/v2\/media?parent=1212"}],"curies":[{"name":"wp","href":"https:\/\/api.w.org\/{rel}","templated":true}]}}