{"id":1252,"date":"2022-02-01T10:01:33","date_gmt":"2022-02-01T09:01:33","guid":{"rendered":"https:\/\/www.camping-la-cremade.com\/gruppenformel"},"modified":"2022-02-01T10:01:33","modified_gmt":"2022-02-01T09:01:33","slug":"gruppenformel","status":"publish","type":"page","link":"https:\/\/www.camping-la-cremade.com\/de\/gruppenformel","title":{"rendered":"Gruppenformel"},"content":{"rendered":"\n<div class=\"wp-block-columns is-layout-flex wp-container-core-columns-is-layout-9d6595d7 wp-block-columns-is-layout-flex\">\n<div class=\"wp-block-column is-layout-flow wp-block-column-is-layout-flow\">\n<p>Sie sind unter Freunden, ein Ferienlager, ein gr\u00fcnes Klassenzimmer, ein Zusammenschluss von Motorradfahrern, Vans&#8230; was wei\u00df ich, Sie sind herzlich willkommen auf dem Campingplatz La Cr\u00e9made!<\/p>\n\n\n\n<p><strong>Ein gro\u00dfer Bereich kann nur f\u00fcr Sie reserviert werden!<\/strong><\/p>\n\n\n\n<p>Unterk\u00fcnfte, Grill, Wasser, Strom warten auf Sie!<\/p>\n\n\n\n<p>Auch Holztische stehen Ihnen an diesem &#8220; <strong>speziellen Gruppenort<\/strong> &#8220; auf dem Campingplatz La Cr\u00e9made zur Verf\u00fcgung.<\/p>\n\n\n\n<p>Wir k\u00f6nnen Ihnen <strong>Komplettpakete<\/strong> anbieten, Stellplatz + Halbpension oder Vollpension&#8230;<\/p>\n<\/div>\n\n\n\n<div class=\"wp-block-column is-layout-flow wp-block-column-is-layout-flow\">\n<p>Ein Fr\u00fchst\u00fcck, ein Picknick, ein Mittagessen und ein Abendessen &#8211; alles ist m\u00f6glich!<\/p>\n\n\n\n<p>Z\u00f6gern Sie nicht, sich mit uns in Verbindung zu setzen, um einen auf Ihre Erwartungen und Bed\u00fcrfnisse zugeschnittenen <strong>Kostenvoranschlag<\/strong> zu erhalten.<\/p>\n\n\n\n<p>Der <strong>gro\u00dfe Saal des Campingplatzes<\/strong> La Cr\u00e9made kann nur f\u00fcr Sie privatisiert werden!<\/p>\n\n\n\n<p>Wir k\u00f6nnen Ihnen auch <strong>gute Adressen<\/strong> f\u00fcr Ihre Sport-, Natur- und Kulturausfl\u00fcge vermitteln!<\/p>\n\n\n\n<p>Vor Ort finden Sie eine Tischtennisplatte, eine Boulebahn, ein Fensterladennetz, Liegest\u00fchle, kurzum alles, was Sie brauchen, um eine angenehme Zeit auf dem Campingplatz La Cr\u00e9made zu verbringen.<\/p>\n\n\n\n<p>Freunde der Busfahrer d\u00fcrfen auch parken!<\/p>\n<\/div>\n<\/div>\n\t\t\t<div id=\"sevgallery-1259609379\" class=\"sev-diaporama sev-diaporama-portfolio\">\n\t\t\t<div class=\"row\">\n\n\t\t\t\n\t\t\t\t\n\t\t\t\t<div class=\"sev-diaporama-portfolio-item col-12 col-sm  col-grow\">\n\t\t\t\t\t<a href=\"https:\/\/www.camping-la-cremade.com\/wp-content\/uploads\/2022\/11\/4777591182653117511.jpg\" data-lightbox=\"sevgallery-1259609379\" style=\"background-image: url(https:\/\/www.camping-la-cremade.com\/wp-content\/uploads\/2022\/11\/4777591182653117511.jpg)\">\n\t\t\t\t\t\t<img decoding=\"async\" src=\"https:\/\/www.camping-la-cremade.com\/wp-content\/uploads\/2022\/11\/4777591182653117511.jpg\" alt=\"camping restaurant Axat Aude Occitanie\" loading=\"lazy\">\n\t\t\t\t\t<\/a>\n\t\t\t\t<\/div>\n\n\t\t\t\t\n\t\t\t\t\t\t\t\t\t\t\t\n\t\t\t\t\n\t\t\t\t<div class=\"sev-diaporama-portfolio-item col-12 col-sm  col-grow\">\n\t\t\t\t\t<a href=\"https:\/\/www.camping-la-cremade.com\/wp-content\/uploads\/2022\/11\/1669805590241.jpg\" data-lightbox=\"sevgallery-1259609379\" style=\"background-image: url(https:\/\/www.camping-la-cremade.com\/wp-content\/uploads\/2022\/11\/1669805590241.jpg)\">\n\t\t\t\t\t\t<img decoding=\"async\" src=\"https:\/\/www.camping-la-cremade.com\/wp-content\/uploads\/2022\/11\/1669805590241.jpg\" alt=\"\" loading=\"lazy\">\n\t\t\t\t\t<\/a>\n\t\t\t\t<\/div>\n\n\t\t\t\t\n\t\t\t\t\t\t\t\t\t\t\t\n\t\t\t\t\n\t\t\t\t<div class=\"sev-diaporama-portfolio-item col-12 col-sm  col-shrink\">\n\t\t\t\t\t<a href=\"https:\/\/www.camping-la-cremade.com\/wp-content\/uploads\/2022\/01\/groupe.jpg\" data-lightbox=\"sevgallery-1259609379\" style=\"background-image: url(https:\/\/www.camping-la-cremade.com\/wp-content\/uploads\/2022\/01\/groupe.jpg)\">\n\t\t\t\t\t\t<img decoding=\"async\" src=\"https:\/\/www.camping-la-cremade.com\/wp-content\/uploads\/2022\/01\/groupe.jpg\" alt=\"\" loading=\"lazy\">\n\t\t\t\t\t<\/a>\n\t\t\t\t<\/div>\n\n\t\t\t\t\n\t\t\t\t\t\t\t\t\t\t\t\n\t\t\t\t\n\t\t\t\t<div class=\"sev-diaporama-portfolio-item col-12 col-sm \">\n\t\t\t\t\t<a href=\"https:\/\/www.camping-la-cremade.com\/wp-content\/uploads\/2022\/11\/6808889836775772920-2.jpg\" data-lightbox=\"sevgallery-1259609379\" style=\"background-image: url(https:\/\/www.camping-la-cremade.com\/wp-content\/uploads\/2022\/11\/6808889836775772920-2.jpg)\">\n\t\t\t\t\t\t<img decoding=\"async\" src=\"https:\/\/www.camping-la-cremade.com\/wp-content\/uploads\/2022\/11\/6808889836775772920-2.jpg\" alt=\"camping restaurant Axat Aude Occitanie\" loading=\"lazy\">\n\t\t\t\t\t<\/a>\n\t\t\t\t<\/div>\n\n\t\t\t\t\t\t\t\t\t<div class=\"w-100\"><\/div>\n\t\t\t\t\t\t\t\t\t\n\t\t\t\t\t\t\t\t\t\t\t\n\t\t\t\t\n\t\t\t\t<div class=\"sev-diaporama-portfolio-item col-12 col-sm  col-shrink\">\n\t\t\t\t\t<a href=\"https:\/\/www.camping-la-cremade.com\/wp-content\/uploads\/2022\/01\/groupe3.jpg\" data-lightbox=\"sevgallery-1259609379\" style=\"background-image: url(https:\/\/www.camping-la-cremade.com\/wp-content\/uploads\/2022\/01\/groupe3.jpg)\">\n\t\t\t\t\t\t<img decoding=\"async\" src=\"https:\/\/www.camping-la-cremade.com\/wp-content\/uploads\/2022\/01\/groupe3.jpg\" alt=\"\" loading=\"lazy\">\n\t\t\t\t\t<\/a>\n\t\t\t\t<\/div>\n\n\t\t\t\t\n\t\t\t\t\t\t\t\t\t\t\t\n\t\t\t\t\n\t\t\t\t<div class=\"sev-diaporama-portfolio-item col-12 col-sm \">\n\t\t\t\t\t<a href=\"https:\/\/www.camping-la-cremade.com\/wp-content\/uploads\/2022\/01\/121833554_634103184132225_4884214035442655335_n-1.jpg\" data-lightbox=\"sevgallery-1259609379\" style=\"background-image: url(https:\/\/www.camping-la-cremade.com\/wp-content\/uploads\/2022\/01\/121833554_634103184132225_4884214035442655335_n-1.jpg)\">\n\t\t\t\t\t\t<img decoding=\"async\" src=\"https:\/\/www.camping-la-cremade.com\/wp-content\/uploads\/2022\/01\/121833554_634103184132225_4884214035442655335_n-1.jpg\" alt=\"\" loading=\"lazy\">\n\t\t\t\t\t<\/a>\n\t\t\t\t<\/div>\n\n\t\t\t\t\n\t\t\t\t\t\t\t\t\t\t\t\n\t\t\t\t\n\t\t\t\t<div class=\"sev-diaporama-portfolio-item col-12 col-sm  col-shrink\">\n\t\t\t\t\t<a href=\"https:\/\/www.camping-la-cremade.com\/wp-content\/uploads\/2022\/11\/1666349719358.jpg\" data-lightbox=\"sevgallery-1259609379\" style=\"background-image: url(https:\/\/www.camping-la-cremade.com\/wp-content\/uploads\/2022\/11\/1666349719358.jpg)\">\n\t\t\t\t\t\t<img decoding=\"async\" src=\"https:\/\/www.camping-la-cremade.com\/wp-content\/uploads\/2022\/11\/1666349719358.jpg\" alt=\"camping restaurant Axat Aude Occitanie\" loading=\"lazy\">\n\t\t\t\t\t<\/a>\n\t\t\t\t<\/div>\n\n\t\t\t\t\n\t\t\t\t\t\t\t\t\t\t\t\t\t\t<\/div>\n\t\t\t<\/div>\n\n\t\t\t<script>\n\t\t\tjQuery(function($) {\n\n\t\t\t\tvar marginPortfolio = function() {\n\n\t\t\t\t\tvar $diapo          = $('#sevgallery-1259609379');\n\t\t\t\t\tvar container_width = $diapo.parent().outerWidth();\n\t\t\t\t\tvar side            = ( $(window).innerWidth() - container_width ) \/ 2;\n\n\t\t\t\t\t$diapo.css( {\n\t\t\t\t\t\t'margin-left': '-' + side + 'px',\n\t\t\t\t\t\t'margin-right': '-' + side + 'px',\n\t\t\t\t\t} );\n\t\t\t\t};\n\n\t\t\t\t$( window ).resize( function() {\n\t\t\t\t\tmarginPortfolio();\n\t\t\t\t} );\n\t\t\t\tmarginPortfolio();\n\t\t\t});\n\t\t\t<\/script>\n\t\t\t\n","protected":false},"excerpt":{"rendered":"<p>Sie sind unter Freunden, ein Ferienlager, ein gr\u00fcnes Klassenzimmer, ein Zusammenschluss von Motorradfahrern, Vans&#8230; was wei\u00df ich, Sie sind herzlich willkommen auf dem Campingplatz La Cr\u00e9made! Ein gro\u00dfer Bereich kann nur f\u00fcr Sie reserviert werden! Unterk\u00fcnfte, Grill, Wasser, Strom warten auf Sie! Auch Holztische stehen Ihnen an diesem &#8220; speziellen Gruppenort &#8220; auf dem Campingplatz [&hellip;]<\/p>\n","protected":false},"author":1,"featured_media":0,"parent":0,"menu_order":0,"comment_status":"closed","ping_status":"closed","template":"","meta":{"_seopress_robots_primary_cat":"","_seopress_titles_title":"Gruppenformel - Campingplatz in Axat","_seopress_titles_desc":"Sie sind unter Freunden, ein Ferienlager, ein gr\u00fcnes Klassenzimmer, ein Zusammenschluss von Motorradfahrern, Vans... was wei\u00df ich, Sie sind herzlich willkommen auf dem Campingplatz La Cr\u00e9made!","_seopress_robots_index":"","footnotes":""},"class_list":["post-1252","page","type-page","status-publish","hentry"],"_links":{"self":[{"href":"https:\/\/www.camping-la-cremade.com\/de\/wp-json\/wp\/v2\/pages\/1252","targetHints":{"allow":["GET"]}}],"collection":[{"href":"https:\/\/www.camping-la-cremade.com\/de\/wp-json\/wp\/v2\/pages"}],"about":[{"href":"https:\/\/www.camping-la-cremade.com\/de\/wp-json\/wp\/v2\/types\/page"}],"author":[{"embeddable":true,"href":"https:\/\/www.camping-la-cremade.com\/de\/wp-json\/wp\/v2\/users\/1"}],"replies":[{"embeddable":true,"href":"https:\/\/www.camping-la-cremade.com\/de\/wp-json\/wp\/v2\/comments?post=1252"}],"version-history":[{"count":1,"href":"https:\/\/www.camping-la-cremade.com\/de\/wp-json\/wp\/v2\/pages\/1252\/revisions"}],"predecessor-version":[{"id":1257,"href":"https:\/\/www.camping-la-cremade.com\/de\/wp-json\/wp\/v2\/pages\/1252\/revisions\/1257"}],"wp:attachment":[{"href":"https:\/\/www.camping-la-cremade.com\/de\/wp-json\/wp\/v2\/media?parent=1252"}],"curies":[{"name":"wp","href":"https:\/\/api.w.org\/{rel}","templated":true}]}}